{"id":12,"date":"2022-08-31T12:21:29","date_gmt":"2022-08-31T12:21:29","guid":{"rendered":"https:\/\/www.gammaraysolutions.com\/?page_id=12"},"modified":"2022-08-31T12:32:46","modified_gmt":"2022-08-31T12:32:46","slug":"research-development","status":"publish","type":"page","link":"https:\/\/www.gammaraysolutions.com\/?page_id=12","title":{"rendered":"Research &#038; Development"},"content":{"rendered":"\n<p>We offer an consultancy and cooperation in the reasearch and development in the fields of:<\/p>\n\n\n\n<ul><li>radioactive materials, sealed radioactive sources<\/li><li>shielding devices for sealed radioactive sources<\/li><li>microelectronics devices for special purposes<\/li><li>software development and consultancy<\/li><li>CBRNe related consultancy in terms of Radiation and Nuclear security &amp; safety<\/li><li>Methodologies for secure transportation of Radioactive and Nuclear Materials<\/li><\/ul>\n\n\n\n<h2>&#8211; security and safety for manipulation of radioactive sources, computer and virtual safety as well as physical protection<\/h2>\n","protected":false},"excerpt":{"rendered":"<p>We offer an consultancy and cooperation in the reasearch and development in the fields of: radioactive materials, sealed radioactive sources shielding devices for sealed radioactive sources microelectronics devices for special purposes software development and consultancy CBRNe related consultancy in terms of Radiation and Nuclear security &amp; safety Methodologies for secure transportation of Radioactive and Nuclear [&hellip;]<\/p>\n","protected":false},"author":1,"featured_media":0,"parent":0,"menu_order":0,"comment_status":"closed","ping_status":"closed","template":"template-full-width.php","meta":{"_monsterinsights_skip_tracking":false,"_monsterinsights_sitenote_active":false,"_monsterinsights_sitenote_note":"","_monsterinsights_sitenote_category":0},"aioseo_notices":[],"yoast_head":"<!-- This site is optimized with the Yoast SEO plugin v19.6 - https:\/\/yoast.com\/wordpress\/plugins\/seo\/ -->\n<title>Research &amp; Development - Gamma Ray Solutions, s.r.o.<\/title>\n<meta name=\"robots\" content=\"index, follow, max-snippet:-1, max-image-preview:large, max-video-preview:-1\" \/>\n<link rel=\"canonical\" href=\"https:\/\/www.gammaraysolutions.com\/?page_id=12\" \/>\n<meta property=\"og:locale\" content=\"sk_SK\" \/>\n<meta property=\"og:type\" content=\"article\" \/>\n<meta property=\"og:title\" content=\"Research &amp; Development - Gamma Ray Solutions, s.r.o.\" \/>\n<meta property=\"og:description\" content=\"We offer an consultancy and cooperation in the reasearch and development in the fields of: radioactive materials, sealed radioactive sources shielding devices for sealed radioactive sources microelectronics devices for special purposes software development and consultancy CBRNe related consultancy in terms of Radiation and Nuclear security &amp; safety Methodologies for secure transportation of Radioactive and Nuclear [&hellip;]\" \/>\n<meta property=\"og:url\" content=\"https:\/\/www.gammaraysolutions.com\/?page_id=12\" \/>\n<meta property=\"og:site_name\" content=\"Gamma Ray Solutions, s.r.o.\" \/>\n<meta property=\"article:modified_time\" content=\"2022-08-31T12:32:46+00:00\" \/>\n<meta name=\"twitter:card\" content=\"summary_large_image\" \/>\n<meta name=\"twitter:label1\" content=\"Predpokladan\u00fd \u010das \u010d\u00edtania\" \/>\n\t<meta name=\"twitter:data1\" content=\"1 min\u00fata\" \/>\n<script type=\"application\/ld+json\" class=\"yoast-schema-graph\">{\"@context\":\"https:\/\/schema.org\",\"@graph\":[{\"@type\":\"WebPage\",\"@id\":\"https:\/\/www.gammaraysolutions.com\/?page_id=12\",\"url\":\"https:\/\/www.gammaraysolutions.com\/?page_id=12\",\"name\":\"Research & Development - Gamma Ray Solutions, s.r.o.\",\"isPartOf\":{\"@id\":\"https:\/\/www.gammaraysolutions.com\/#website\"},\"datePublished\":\"2022-08-31T12:21:29+00:00\",\"dateModified\":\"2022-08-31T12:32:46+00:00\",\"breadcrumb\":{\"@id\":\"https:\/\/www.gammaraysolutions.com\/?page_id=12#breadcrumb\"},\"inLanguage\":\"sk-SK\",\"potentialAction\":[{\"@type\":\"ReadAction\",\"target\":[\"https:\/\/www.gammaraysolutions.com\/?page_id=12\"]}]},{\"@type\":\"BreadcrumbList\",\"@id\":\"https:\/\/www.gammaraysolutions.com\/?page_id=12#breadcrumb\",\"itemListElement\":[{\"@type\":\"ListItem\",\"position\":1,\"name\":\"Home\",\"item\":\"https:\/\/www.gammaraysolutions.com\/\"},{\"@type\":\"ListItem\",\"position\":2,\"name\":\"Research &#038; Development\"}]},{\"@type\":\"WebSite\",\"@id\":\"https:\/\/www.gammaraysolutions.com\/#website\",\"url\":\"https:\/\/www.gammaraysolutions.com\/\",\"name\":\"Gamma Ray Solutions, s.r.o.\",\"description\":\"\",\"potentialAction\":[{\"@type\":\"SearchAction\",\"target\":{\"@type\":\"EntryPoint\",\"urlTemplate\":\"https:\/\/www.gammaraysolutions.com\/?s={search_term_string}\"},\"query-input\":\"required name=search_term_string\"}],\"inLanguage\":\"sk-SK\"}]}<\/script>\n<!-- \/ Yoast SEO plugin. -->","yoast_head_json":{"title":"Research & Development - Gamma Ray Solutions, s.r.o.","robots":{"index":"index","follow":"follow","max-snippet":"max-snippet:-1","max-image-preview":"max-image-preview:large","max-video-preview":"max-video-preview:-1"},"canonical":"https:\/\/www.gammaraysolutions.com\/?page_id=12","og_locale":"sk_SK","og_type":"article","og_title":"Research & Development - Gamma Ray Solutions, s.r.o.","og_description":"We offer an consultancy and cooperation in the reasearch and development in the fields of: radioactive materials, sealed radioactive sources shielding devices for sealed radioactive sources microelectronics devices for special purposes software development and consultancy CBRNe related consultancy in terms of Radiation and Nuclear security &amp; safety Methodologies for secure transportation of Radioactive and Nuclear [&hellip;]","og_url":"https:\/\/www.gammaraysolutions.com\/?page_id=12","og_site_name":"Gamma Ray Solutions, s.r.o.","article_modified_time":"2022-08-31T12:32:46+00:00","twitter_card":"summary_large_image","twitter_misc":{"Predpokladan\u00fd \u010das \u010d\u00edtania":"1 min\u00fata"},"schema":{"@context":"https:\/\/schema.org","@graph":[{"@type":"WebPage","@id":"https:\/\/www.gammaraysolutions.com\/?page_id=12","url":"https:\/\/www.gammaraysolutions.com\/?page_id=12","name":"Research & Development - Gamma Ray Solutions, s.r.o.","isPartOf":{"@id":"https:\/\/www.gammaraysolutions.com\/#website"},"datePublished":"2022-08-31T12:21:29+00:00","dateModified":"2022-08-31T12:32:46+00:00","breadcrumb":{"@id":"https:\/\/www.gammaraysolutions.com\/?page_id=12#breadcrumb"},"inLanguage":"sk-SK","potentialAction":[{"@type":"ReadAction","target":["https:\/\/www.gammaraysolutions.com\/?page_id=12"]}]},{"@type":"BreadcrumbList","@id":"https:\/\/www.gammaraysolutions.com\/?page_id=12#breadcrumb","itemListElement":[{"@type":"ListItem","position":1,"name":"Home","item":"https:\/\/www.gammaraysolutions.com\/"},{"@type":"ListItem","position":2,"name":"Research &#038; Development"}]},{"@type":"WebSite","@id":"https:\/\/www.gammaraysolutions.com\/#website","url":"https:\/\/www.gammaraysolutions.com\/","name":"Gamma Ray Solutions, s.r.o.","description":"","potentialAction":[{"@type":"SearchAction","target":{"@type":"EntryPoint","urlTemplate":"https:\/\/www.gammaraysolutions.com\/?s={search_term_string}"},"query-input":"required name=search_term_string"}],"inLanguage":"sk-SK"}]}},"_links":{"self":[{"href":"https:\/\/www.gammaraysolutions.com\/index.php?rest_route=\/wp\/v2\/pages\/12"}],"collection":[{"href":"https:\/\/www.gammaraysolutions.com\/index.php?rest_route=\/wp\/v2\/pages"}],"about":[{"href":"https:\/\/www.gammaraysolutions.com\/index.php?rest_route=\/wp\/v2\/types\/page"}],"author":[{"embeddable":true,"href":"https:\/\/www.gammaraysolutions.com\/index.php?rest_route=\/wp\/v2\/users\/1"}],"replies":[{"embeddable":true,"href":"https:\/\/www.gammaraysolutions.com\/index.php?rest_route=%2Fwp%2Fv2%2Fcomments&post=12"}],"version-history":[{"count":2,"href":"https:\/\/www.gammaraysolutions.com\/index.php?rest_route=\/wp\/v2\/pages\/12\/revisions"}],"predecessor-version":[{"id":35,"href":"https:\/\/www.gammaraysolutions.com\/index.php?rest_route=\/wp\/v2\/pages\/12\/revisions\/35"}],"wp:attachment":[{"href":"https:\/\/www.gammaraysolutions.com\/index.php?rest_route=%2Fwp%2Fv2%2Fmedia&parent=12"}],"curies":[{"name":"wp","href":"https:\/\/api.w.org\/{rel}","templated":true}]}}